{"id":7218,"date":"2024-01-27T11:53:09","date_gmt":"2024-01-27T11:53:09","guid":{"rendered":"https:\/\/torrentjove.com\/serveis\/carnets-internacionales-para-viajar-descubre-como-solicitarlos\/"},"modified":"2024-10-18T10:41:02","modified_gmt":"2024-10-18T10:41:02","slug":"carnets-internacionales-para-viajar-descubre-como-solicitarlos","status":"publish","type":"page","link":"https:\/\/torrentjove.com\/val\/serveis\/carnets-internacionales-para-viajar-descubre-como-solicitarlos\/","title":{"rendered":"Carnets internacionals per a viatjar. Descobrix com sol\u00b7licitar-los!"},"content":{"rendered":"<p><strong>QU\u00c8 S\u00d3N ELS CARNETS INTERNACIONALS ISIC, ITIC I IYTC?&nbsp;<\/strong><\/p>\n<p>Amb els carnets internacionals d&#8217;Estudiant (ISIC), de Professor (ITIC) i Jove (IYTC) pots aconseguir descomptes en viatges, activitats culturals i altres servicis a tot el m\u00f3n.<\/p>\n<p>Estes credencials van ser creades per associacions internacionals&nbsp; sense anime de lucre que vetlen per la promoci\u00f3 del turisme juvenil internacional &nbsp;i compten amb el suport d&#8217;entitats com la UNESCO des de 1968 o l&#8217;Organitzaci\u00f3 Mundial de Turisme.<\/p>\n<p><strong>QUINA VALIDESA TENEN?<\/strong><\/p>\n<p>Tenen validesa d&#8217;un any natural, a partir de la data d&#8217;emissi\u00f3.Tienen validez de <b>un a\u00f1o natural, <\/b>a partir de la fecha de emisi\u00f3n.<\/p>\n<p><strong>COM PUC ACONSEGUIR-LOS?<\/strong><\/p>\n<p>Els carnets internacionals ja s\u00f3n totalment digitals i accessibles des de les p\u00e0gines web de l&#8217;IVAJ&nbsp;&nbsp;i de REAJ i de l&#8217;App de ISIC (entra i informa&#8217;t del procediment de sol\u00b7licitud, preu&#8230;).<\/p>\n<ul>\n<li>Per a comprar el carnet ISIC \u00e9s necessari que acredites la teua condici\u00f3 d&#8217;estudiant. Pots fer-ho per exemple amb qualsevol justificant d&#8217;estudis com per exemple la matr\u00edcula del curs escolar vigent o certificat del teu centre d&#8217;estudis&#8230;<\/li>\n<li>Per a comprar el carnet ITIC \u00e9s necessari que acredites la teua condici\u00f3 de docent. S&#8217;ha d&#8217;acreditar la condici\u00f3 de professor durant l&#8217;any en curs. Pots fer-ho mitjan\u00e7ant una n\u00f2mina recent o un certificat del centre educatiu en el qual treballes&#8230;<\/li>\n<li>Carnet IYTC. Per a joves menors de 30 anys. No \u00e9s necessari ser estudiant.<\/li>\n<\/ul>\n","protected":false},"excerpt":{"rendered":"<p>QU\u00c8 S\u00d3N ELS CARNETS INTERNACIONALS ISIC, ITIC I IYTC?&nbsp; Amb els carnets internacionals d&#8217;Estudiant (ISIC), de Professor (ITIC) i Jove (IYTC) pots aconseguir descomptes en viatges, activitats culturals i altres servicis a tot el m\u00f3n. Estes credencials van ser creades per associacions internacionals&nbsp; sense anime de lucre que vetlen per la promoci\u00f3 del turisme juvenil [&hellip;]<\/p>\n","protected":false},"author":2,"featured_media":5873,"parent":2402,"menu_order":0,"comment_status":"closed","ping_status":"closed","template":"","meta":{"site-sidebar-layout":"no-sidebar","site-content-layout":"page-builder","ast-site-content-layout":"","site-content-style":"default","site-sidebar-style":"default","ast-global-header-display":"","ast-banner-title-visibility":"","ast-main-header-display":"","ast-hfb-above-header-display":"","ast-hfb-below-header-display":"","ast-hfb-mobile-header-display":"","site-post-title":"disabled","ast-breadcrumbs-content":"","ast-featured-img":"disabled","footer-sml-layout":"","theme-transparent-header-meta":"","adv-header-id-meta":"","stick-header-meta":"","header-above-stick-meta":"","header-main-stick-meta":"","header-below-stick-meta":"","astra-migrate-meta-layouts":"default","ast-page-background-enabled":"default","ast-page-background-meta":{"desktop":{"background-color":"var(--ast-global-color-4)","background-image":"","background-repeat":"repeat","background-position":"center center","background-size":"auto","background-attachment":"scroll","background-type":"","background-media":"","overlay-type":"","overlay-color":"","overlay-opacity":"","overlay-gradient":""},"tablet":{"background-color":"","background-image":"","background-repeat":"repeat","background-position":"center center","background-size":"auto","background-attachment":"scroll","background-type":"","background-media":"","overlay-type":"","overlay-color":"","overlay-opacity":"","overlay-gradient":""},"mobile":{"background-color":"","background-image":"","background-repeat":"repeat","background-position":"center center","background-size":"auto","background-attachment":"scroll","background-type":"","background-media":"","overlay-type":"","overlay-color":"","overlay-opacity":"","overlay-gradient":""}},"ast-content-background-meta":{"desktop":{"background-color":"var(--ast-global-color-5)","background-image":"","background-repeat":"repeat","background-position":"center center","background-size":"auto","background-attachment":"scroll","background-type":"","background-media":"","overlay-type":"","overlay-color":"","overlay-opacity":"","overlay-gradient":""},"tablet":{"background-color":"var(--ast-global-color-5)","background-image":"","background-repeat":"repeat","background-position":"center center","background-size":"auto","background-attachment":"scroll","background-type":"","background-media":"","overlay-type":"","overlay-color":"","overlay-opacity":"","overlay-gradient":""},"mobile":{"background-color":"var(--ast-global-color-5)","background-image":"","background-repeat":"repeat","background-position":"center center","background-size":"auto","background-attachment":"scroll","background-type":"","background-media":"","overlay-type":"","overlay-color":"","overlay-opacity":"","overlay-gradient":""}},"footnotes":""},"class_list":["post-7218","page","type-page","status-publish","has-post-thumbnail","hentry"],"_links":{"self":[{"href":"https:\/\/torrentjove.com\/val\/wp-json\/wp\/v2\/pages\/7218","targetHints":{"allow":["GET"]}}],"collection":[{"href":"https:\/\/torrentjove.com\/val\/wp-json\/wp\/v2\/pages"}],"about":[{"href":"https:\/\/torrentjove.com\/val\/wp-json\/wp\/v2\/types\/page"}],"author":[{"embeddable":true,"href":"https:\/\/torrentjove.com\/val\/wp-json\/wp\/v2\/users\/2"}],"replies":[{"embeddable":true,"href":"https:\/\/torrentjove.com\/val\/wp-json\/wp\/v2\/comments?post=7218"}],"version-history":[{"count":3,"href":"https:\/\/torrentjove.com\/val\/wp-json\/wp\/v2\/pages\/7218\/revisions"}],"predecessor-version":[{"id":7253,"href":"https:\/\/torrentjove.com\/val\/wp-json\/wp\/v2\/pages\/7218\/revisions\/7253"}],"up":[{"embeddable":true,"href":"https:\/\/torrentjove.com\/val\/wp-json\/wp\/v2\/pages\/2402"}],"wp:featuredmedia":[{"embeddable":true,"href":"https:\/\/torrentjove.com\/val\/wp-json\/wp\/v2\/media\/5873"}],"wp:attachment":[{"href":"https:\/\/torrentjove.com\/val\/wp-json\/wp\/v2\/media?parent=7218"}],"curies":[{"name":"wp","href":"https:\/\/api.w.org\/{rel}","templated":true}]}}