{"id":7232,"date":"2022-07-06T07:46:13","date_gmt":"2022-07-06T07:46:13","guid":{"rendered":"https:\/\/torrentjove.com\/?page_id=7232"},"modified":"2025-05-29T15:43:14","modified_gmt":"2025-05-29T15:43:14","slug":"tramita-en-linia-el-carnet-jove-i-gaudix-dels-avantatges-que-toferix-porta-integrat-el-carnet-dalberguista","status":"publish","type":"page","link":"https:\/\/torrentjove.com\/val\/serveis\/tramita-en-linia-el-carnet-jove-i-gaudix-dels-avantatges-que-toferix-porta-integrat-el-carnet-dalberguista\/","title":{"rendered":"Carnet Jove i gaudix dels avantatges que t&#8217;oferix!"},"content":{"rendered":"\n<p><strong>Fes-te amb el nou Carnet Jove digital.<\/strong> Nom\u00e9s necessitar\u00e0s un DNI o NIE en vigor i tindre entre 14 i 30 anys.<\/p>\n\n\n\n<p><strong>Aconsegueix-ho en l\u00ednia. <a href=\"https:\/\/ivaj.gva.es\/es\/carnetjove\" target=\"_blank\" rel=\"noreferrer noopener\">En la web de l&#8217;IVAJ <\/a><\/strong>tens tota la informaci\u00f3 que necessites con\u00e9ixer sobre els passos a seguir i l&#8217;acc\u00e9s a la plataforma. Primer consulta les instruccions i si no t&#8217;aclarixes, acudix a CIJ Torrent i et tirarem una m\u00e0.<\/p>\n\n\n\n<p><em>Si el tramite amb el teu DNI o NIE en la plataforma de l&#8217;IVAJ et dona problemes, intenta&#8217;l en un altre moment del dia o amb un altre navegador. Si el problema persistix, pots tramitar-lo en la seu de l&#8217;IVAJ de dilluns a divendres de 9.00 h. a 14.00 h. Carrer Hospital, 11. Val\u00e8ncia.<\/em><\/p>\n\n\n\n<p>Si en la teua <strong>sol\u00b7licitud has indicat que vols obtindre-ho tamb\u00e9 en format f\u00edsic i has posat com a punt d&#8217;arreplegada \u00abAjuntament de Torrent\u00bb<\/strong>, has d<strong>&#8216;arreplegar-ho ac\u00ed en CIJ Torrent<\/strong>\u2013 Avinguda al Vedat 103. 2a Planta Edifici MetrO. Recorda <strong>portar el teu document d&#8217;identitat. <\/strong>En el moment de recollida s&#8217;haur\u00e0 d&#8217;indicar compte de correu de la persona titular del Carnet Jove.<\/p>\n\n\n\n<p>L&#8217;<strong>horari de <em>CIJ Torrent<\/em><\/strong><em> <\/em>per a arreplegar la targeta f\u00edsica \u00e9s de dilluns a divendres de 9.15 h. a 13 h i de 16.15 h a 19. 30 h. Tamb\u00e9 dissabtes de 10 h a 12.30 h. A l&#8217;agost nom\u00e9s en horari de matins de dilluns a divendres.<\/p>\n\n\n\n<div class=\"wp-block-buttons is-content-justification-center is-layout-flex wp-container-core-buttons-is-layout-a89b3969 wp-block-buttons-is-layout-flex\">\n<div class=\"wp-block-button\"><a class=\"wp-block-button__link has-ast-global-color-2-color has-luminous-vivid-amber-background-color has-text-color has-background wp-element-button\" href=\"https:\/\/ivaj.gva.es\/IVAJWEB\/consultas\/turivaj\/ventacj\/res_introducir_datos_vcj.jsp?idioma=va&amp;pk=CARNETJOVE-CAB\" target=\"_blank\" rel=\"noreferrer noopener\">Tramitar Carnet Jove<\/a><\/div>\n<\/div>\n\n\n\n<p><\/p>\n\n\n\n<p class=\"has-luminous-vivid-amber-background-color has-background\"><em>En el cas de disposar <strong>\u00fanicament de passaport en vigor<\/strong>, podr\u00e0s obtindre el teu Carnet Jove seguint les indicacions d&#8217;este <a rel=\"noreferrer noopener\" href=\"https:\/\/ivaj.gva.es\/es\/targeta-classica\" target=\"_blank\">enlla\u00e7.<\/a><\/em><\/p>\n\n\n\n<figure class=\"wp-block-image aligncenter size-full is-resized\"><img fetchpriority=\"high\" decoding=\"async\" width=\"546\" height=\"322\" src=\"https:\/\/torrentjove.com\/wp-content\/uploads\/2022\/08\/Copia-de-Diseno-sin-titulo.png\" alt=\"\" class=\"wp-image-3210\" style=\"width:239px;height:141px\" srcset=\"https:\/\/torrentjove.com\/wp-content\/uploads\/2022\/08\/Copia-de-Diseno-sin-titulo.png 546w, https:\/\/torrentjove.com\/wp-content\/uploads\/2022\/08\/Copia-de-Diseno-sin-titulo-300x177.png 300w\" sizes=\"(max-width: 546px) 100vw, 546px\" \/><\/figure>\n\n\n\n<h4 class=\"wp-block-heading has-ast-global-color-2-color has-text-color\"><strong>Descomptes amb Carnet Jove<\/strong><\/h4>\n\n\n\n<p>Coneix els descomptes que et proporciona el Carnet Jove utilitzant els filtres que l&#8217;<a href=\"https:\/\/ivaj.gva.es\/va\/\" data-type=\"URL\" data-id=\"https:\/\/ivaj.gva.es\/va\/\" target=\"_blank\" rel=\"noreferrer noopener\">IVAJ (Institut Valenci\u00e0 de la Joventut)<\/a> i <a href=\"https:\/\/eyca.org\/\" data-type=\"URL\" data-id=\"https:\/\/eyca.org\/\" target=\"_blank\" rel=\"noreferrer noopener\">EYCA (European Youth Card)<\/a> posen a la teua disposici\u00f3:<\/p>\n\n\n\n<div class=\"wp-block-buttons is-layout-flex wp-block-buttons-is-layout-flex\">\n<div class=\"wp-block-button\"><a class=\"wp-block-button__link has-ast-global-color-2-color has-luminous-vivid-amber-background-color has-text-color has-background wp-element-button\" href=\"https:\/\/ivaj.gva.es\/va\/por-tema-y-comarca-o-municipio\" target=\"_blank\" rel=\"noreferrer noopener\">Descomptes a la Comunitat Valenciana<\/a><\/div>\n<\/div>\n\n\n\n<p><\/p>\n\n\n\n<div class=\"wp-block-buttons is-layout-flex wp-block-buttons-is-layout-flex\">\n<div class=\"wp-block-button\"><a class=\"wp-block-button__link has-ast-global-color-2-color has-luminous-vivid-amber-background-color has-text-color has-background wp-element-button\" href=\"https:\/\/ivaj.gva.es\/va\/fora-de-la-cv\" target=\"_blank\" rel=\"noreferrer noopener\">Descomptes en altres comunitats aut\u00f2nomes d&#8217;Espanya<\/a><\/div>\n<\/div>\n\n\n\n<p><\/p>\n\n\n\n<div class=\"wp-block-buttons is-layout-flex wp-block-buttons-is-layout-flex\">\n<div class=\"wp-block-button\"><a class=\"wp-block-button__link has-ast-global-color-2-color has-luminous-vivid-amber-background-color has-text-color has-background wp-element-button\" href=\"https:\/\/eyca.org\/discounts\" target=\"_blank\" rel=\"noreferrer noopener\">Descomptes a Europa<\/a><\/div>\n<\/div>\n\n\n\n<p><\/p>\n","protected":false},"excerpt":{"rendered":"<p>Fes-te amb el nou Carnet Jove digital. Nom\u00e9s necessitar\u00e0s un DNI o NIE en vigor i tindre entre 14 i 30 anys. Aconsegueix-ho en l\u00ednia. En la web de l&#8217;IVAJ tens tota la informaci\u00f3 que necessites con\u00e9ixer sobre els passos a seguir i l&#8217;acc\u00e9s a la plataforma. Primer consulta les instruccions i si no t&#8217;aclarixes, [&hellip;]<\/p>\n","protected":false},"author":2,"featured_media":3210,"parent":2402,"menu_order":0,"comment_status":"closed","ping_status":"closed","template":"","meta":{"site-sidebar-layout":"no-sidebar","site-content-layout":"page-builder","ast-site-content-layout":"full-width-container","site-content-style":"unboxed","site-sidebar-style":"unboxed","ast-global-header-display":"","ast-banner-title-visibility":"","ast-main-header-display":"","ast-hfb-above-header-display":"","ast-hfb-below-header-display":"","ast-hfb-mobile-header-display":"","site-post-title":"disabled","ast-breadcrumbs-content":"","ast-featured-img":"disabled","footer-sml-layout":"","theme-transparent-header-meta":"","adv-header-id-meta":"","stick-header-meta":"","header-above-stick-meta":"","header-main-stick-meta":"","header-below-stick-meta":"","astra-migrate-meta-layouts":"set","ast-page-background-enabled":"default","ast-page-background-meta":{"desktop":{"background-color":"var(--ast-global-color-4)","background-image":"","background-repeat":"repeat","background-position":"center center","background-size":"auto","background-attachment":"scroll","background-type":"","background-media":"","overlay-type":"","overlay-color":"","overlay-opacity":"","overlay-gradient":""},"tablet":{"background-color":"","background-image":"","background-repeat":"repeat","background-position":"center center","background-size":"auto","background-attachment":"scroll","background-type":"","background-media":"","overlay-type":"","overlay-color":"","overlay-opacity":"","overlay-gradient":""},"mobile":{"background-color":"","background-image":"","background-repeat":"repeat","background-position":"center center","background-size":"auto","background-attachment":"scroll","background-type":"","background-media":"","overlay-type":"","overlay-color":"","overlay-opacity":"","overlay-gradient":""}},"ast-content-background-meta":{"desktop":{"background-color":"var(--ast-global-color-5)","background-image":"","background-repeat":"repeat","background-position":"center center","background-size":"auto","background-attachment":"scroll","background-type":"","background-media":"","overlay-type":"","overlay-color":"","overlay-opacity":"","overlay-gradient":""},"tablet":{"background-color":"var(--ast-global-color-5)","background-image":"","background-repeat":"repeat","background-position":"center center","background-size":"auto","background-attachment":"scroll","background-type":"","background-media":"","overlay-type":"","overlay-color":"","overlay-opacity":"","overlay-gradient":""},"mobile":{"background-color":"var(--ast-global-color-5)","background-image":"","background-repeat":"repeat","background-position":"center center","background-size":"auto","background-attachment":"scroll","background-type":"","background-media":"","overlay-type":"","overlay-color":"","overlay-opacity":"","overlay-gradient":""}},"footnotes":""},"class_list":["post-7232","page","type-page","status-publish","has-post-thumbnail","hentry"],"_links":{"self":[{"href":"https:\/\/torrentjove.com\/val\/wp-json\/wp\/v2\/pages\/7232","targetHints":{"allow":["GET"]}}],"collection":[{"href":"https:\/\/torrentjove.com\/val\/wp-json\/wp\/v2\/pages"}],"about":[{"href":"https:\/\/torrentjove.com\/val\/wp-json\/wp\/v2\/types\/page"}],"author":[{"embeddable":true,"href":"https:\/\/torrentjove.com\/val\/wp-json\/wp\/v2\/users\/2"}],"replies":[{"embeddable":true,"href":"https:\/\/torrentjove.com\/val\/wp-json\/wp\/v2\/comments?post=7232"}],"version-history":[{"count":4,"href":"https:\/\/torrentjove.com\/val\/wp-json\/wp\/v2\/pages\/7232\/revisions"}],"predecessor-version":[{"id":7590,"href":"https:\/\/torrentjove.com\/val\/wp-json\/wp\/v2\/pages\/7232\/revisions\/7590"}],"up":[{"embeddable":true,"href":"https:\/\/torrentjove.com\/val\/wp-json\/wp\/v2\/pages\/2402"}],"wp:featuredmedia":[{"embeddable":true,"href":"https:\/\/torrentjove.com\/val\/wp-json\/wp\/v2\/media\/3210"}],"wp:attachment":[{"href":"https:\/\/torrentjove.com\/val\/wp-json\/wp\/v2\/media?parent=7232"}],"curies":[{"name":"wp","href":"https:\/\/api.w.org\/{rel}","templated":true}]}}